{"id":25,"date":"2020-01-11T00:45:00","date_gmt":"2020-01-10T23:45:00","guid":{"rendered":"http:\/\/wietecha.com.pl\/wp_netcom\/?page_id=25"},"modified":"2026-02-12T11:35:09","modified_gmt":"2026-02-12T10:35:09","slug":"elementor-25","status":"publish","type":"page","link":"http:\/\/netcom.wietecha.com.pl\/?page_id=25","title":{"rendered":"Jako\u015b\u0107 Us\u0142ug"},"content":{"rendered":"<h6>\u00a0<\/h6>\n<h6>\u00a0<\/h6>\n<p>\u00a0<\/p>\n\n\n<figure class=\"wp-block-image size-large\"><img loading=\"lazy\" decoding=\"async\" width=\"683\" height=\"1024\" src=\"https:\/\/netcom.wietecha.com.pl\/wp-content\/uploads\/2026\/02\/jakosc_uslug_31_12_2025-683x1024.png\" alt=\"\" class=\"wp-image-221\" srcset=\"http:\/\/netcom.wietecha.com.pl\/wp-content\/uploads\/2026\/02\/jakosc_uslug_31_12_2025-683x1024.png 683w, http:\/\/netcom.wietecha.com.pl\/wp-content\/uploads\/2026\/02\/jakosc_uslug_31_12_2025-200x300.png 200w, http:\/\/netcom.wietecha.com.pl\/wp-content\/uploads\/2026\/02\/jakosc_uslug_31_12_2025-768x1152.png 768w, http:\/\/netcom.wietecha.com.pl\/wp-content\/uploads\/2026\/02\/jakosc_uslug_31_12_2025.png 1024w\" sizes=\"auto, (max-width: 683px) 100vw, 683px\" \/><\/figure>\n","protected":false},"excerpt":{"rendered":"<p>\u00a0 \u00a0 \u00a0<\/p>\n","protected":false},"author":1,"featured_media":0,"parent":0,"menu_order":0,"comment_status":"closed","ping_status":"closed","template":"","meta":{"footnotes":""},"class_list":["post-25","page","type-page","status-publish","hentry"],"_links":{"self":[{"href":"http:\/\/netcom.wietecha.com.pl\/index.php?rest_route=\/wp\/v2\/pages\/25","targetHints":{"allow":["GET"]}}],"collection":[{"href":"http:\/\/netcom.wietecha.com.pl\/index.php?rest_route=\/wp\/v2\/pages"}],"about":[{"href":"http:\/\/netcom.wietecha.com.pl\/index.php?rest_route=\/wp\/v2\/types\/page"}],"author":[{"embeddable":true,"href":"http:\/\/netcom.wietecha.com.pl\/index.php?rest_route=\/wp\/v2\/users\/1"}],"replies":[{"embeddable":true,"href":"http:\/\/netcom.wietecha.com.pl\/index.php?rest_route=%2Fwp%2Fv2%2Fcomments&post=25"}],"version-history":[{"count":33,"href":"http:\/\/netcom.wietecha.com.pl\/index.php?rest_route=\/wp\/v2\/pages\/25\/revisions"}],"predecessor-version":[{"id":222,"href":"http:\/\/netcom.wietecha.com.pl\/index.php?rest_route=\/wp\/v2\/pages\/25\/revisions\/222"}],"wp:attachment":[{"href":"http:\/\/netcom.wietecha.com.pl\/index.php?rest_route=%2Fwp%2Fv2%2Fmedia&parent=25"}],"curies":[{"name":"wp","href":"https:\/\/api.w.org\/{rel}","templated":true}]}}