{"id":32,"date":"2020-01-11T00:57:17","date_gmt":"2020-01-10T23:57:17","guid":{"rendered":"http:\/\/wietecha.com.pl\/wp_netcom\/?page_id=32"},"modified":"2024-03-17T12:34:53","modified_gmt":"2024-03-17T11:34:53","slug":"o-firmie","status":"publish","type":"page","link":"http:\/\/netcom.wietecha.com.pl\/?page_id=32","title":{"rendered":"O Firmie"},"content":{"rendered":"<p>Przedsi\u0119biorstwo dzia\u0142aj\u0105ce pod nazw\u0105 NetCom Piotr Wietecha powsta\u0142o 03.06.2004 r. Dzia\u0142alno\u015b\u0107 telekomunikacyjn\u0105 firma rozpocz\u0119\u0142a 16.07.2004r. na podstawie za\u015bwiadczenia Prezesa Urz\u0119du Regulacji Telekomunikacji i Poczty (obecnie Urz\u0105d Komunikacji Elektronicznej). Jako pierwsi z us\u0142ugi operatora dotycz\u0105cej dost\u0119pu do sieci Internet skorzystali mieszka\u0144cy Nowego \u017bmigrodu i Zarzecza.<\/p>\n<p>Firma aktualnie zajmuje si\u0119 \u015bwiadczeniem us\u0142ugi szerokopasmowego dost\u0119pu do sieci Internet za po\u015brednictwem \u0142\u0105czy \u015bwiat\u0142owodowych i radiowych.<\/p>\n<p>Przedsi\u0119biorstwo obecnie swoje us\u0142ugi oferuje mieszka\u0144com czterech gmin: D\u0119bowiec, Jas\u0142o \u2013 cz\u0119\u015b\u0107 po\u0142udniowo &#8211; wschodnia, Nowy \u017bmigr\u00f3d, Osiek Jasielski. Dzia\u0142alno\u015b\u0107 gospodarcza\u00a0 jest prowadzona w miejscowo\u015bci Zarzecze, gdzie mie\u015bci si\u0119 siedziba przedsi\u0119biorstwa.<\/p>\n<p style=\"text-align: center;\">NetCom Piotr Wietecha<br \/>\nZarzecze 222<br \/>\n38-220 D\u0119bowiec<br \/>\nNIP 685-171-77-87<\/p>\n","protected":false},"excerpt":{"rendered":"<p>Przedsi\u0119biorstwo dzia\u0142aj\u0105ce pod nazw\u0105 NetCom Piotr Wietecha powsta\u0142o 03.06.2004 r. Dzia\u0142alno\u015b\u0107 telekomunikacyjn\u0105 firma rozpocz\u0119\u0142a 16.07.2004r. na podstawie za\u015bwiadczenia Prezesa Urz\u0119du<\/p>\n","protected":false},"author":1,"featured_media":0,"parent":0,"menu_order":0,"comment_status":"closed","ping_status":"closed","template":"","meta":{"footnotes":""},"class_list":["post-32","page","type-page","status-publish","hentry"],"_links":{"self":[{"href":"http:\/\/netcom.wietecha.com.pl\/index.php?rest_route=\/wp\/v2\/pages\/32","targetHints":{"allow":["GET"]}}],"collection":[{"href":"http:\/\/netcom.wietecha.com.pl\/index.php?rest_route=\/wp\/v2\/pages"}],"about":[{"href":"http:\/\/netcom.wietecha.com.pl\/index.php?rest_route=\/wp\/v2\/types\/page"}],"author":[{"embeddable":true,"href":"http:\/\/netcom.wietecha.com.pl\/index.php?rest_route=\/wp\/v2\/users\/1"}],"replies":[{"embeddable":true,"href":"http:\/\/netcom.wietecha.com.pl\/index.php?rest_route=%2Fwp%2Fv2%2Fcomments&post=32"}],"version-history":[{"count":14,"href":"http:\/\/netcom.wietecha.com.pl\/index.php?rest_route=\/wp\/v2\/pages\/32\/revisions"}],"predecessor-version":[{"id":172,"href":"http:\/\/netcom.wietecha.com.pl\/index.php?rest_route=\/wp\/v2\/pages\/32\/revisions\/172"}],"wp:attachment":[{"href":"http:\/\/netcom.wietecha.com.pl\/index.php?rest_route=%2Fwp%2Fv2%2Fmedia&parent=32"}],"curies":[{"name":"wp","href":"https:\/\/api.w.org\/{rel}","templated":true}]}}